{"id":2442,"date":"2026-03-20T10:39:26","date_gmt":"2026-03-20T08:39:26","guid":{"rendered":"https:\/\/boafalllodge.com\/?page_id=2442"},"modified":"2026-03-25T18:37:48","modified_gmt":"2026-03-25T16:37:48","slug":"ferienhaus-20-personen-sud-schweden","status":"publish","type":"page","link":"https:\/\/boafalllodge.com\/de\/sommerhus-20-personer-sverige\/","title":{"rendered":"Ferienhaus f\u00fcr 20 Personen in Schweden in der N\u00e4he von Kopenhagen"},"content":{"rendered":"<div class=\"family-page\">\r\n  <div class=\"family-container\">\r\n\r\n    <section>\r\n      <h1 class=\"hero-title\">Ferienhaus f\u00fcr 20 Personen in Schweden in der N\u00e4he von Kopenhagen<\/h1>\r\n      <p class=\"hero-subtitle\">Mieten Sie ein gro\u00dfes Ferienhaus in S\u00fcdschweden mit Platz f\u00fcr die ganze Familie oder Gruppe. Perfekt f\u00fcr 20 Personen, nah an der Natur und nur etwa 2,5 Autostunden von Kopenhagen entfernt.<\/p>\r\n      <p style=\"margin-top:24px;\">\r\n        <a class=\"btn btn-primary\" href=\"\/de\/ferienhaus-suedschweden-buchen\/\">Siehe Preise und verf\u00fcgbare Termine<\/a>\r\n      <\/p>\r\n    <\/section>\r\n\r\n    <section class=\"highlight-grid\">\r\n      <a class=\"highlight-card-link\" href=\"\/de\/sommerhus-sydsverige-faciliteter\/\">\r\n        <div class=\"highlight-card\"><h3>Sitzpl\u00e4tze f\u00fcr 20 Personen<\/h3><\/div>\r\n      <\/a>\r\n\r\n      <a class=\"highlight-card-link\" href=\"\/de\/grosses-ferienhaus-kopenhagen\/\">\r\n        <div class=\"highlight-card\"><h3>Klare Preisgestaltung<\/h3><\/div>\r\n      <\/a>\r\n\r\n      <a class=\"highlight-card-link\" href=\"\/de\/ferienhaus-suedschweden-buchen\/\">\r\n        <div class=\"highlight-card\"><h3>Verf\u00fcgbare Termine<\/h3><\/div>\r\n      <\/a>\r\n\r\n      <a class=\"highlight-card-link\" href=\"\/de\/kontakt-2\/\">\r\n        <div class=\"highlight-card\"><h3>Personalisierte Hilfe<\/h3><\/div>\r\n      <\/a>\r\n\r\n      <a class=\"highlight-card-link\" href=\"\/de\/kontakt-2\/#kaart\">\r\n        <div class=\"highlight-card\"><h3>Ungef\u00e4hr 2,5 Stunden von Kopenhagen entfernt<\/h3><\/div>\r\n      <\/a>\r\n    <\/section>\r\n\r\n    <section class=\"image-block\">\r\n      <img decoding=\"async\" src=\"https:\/\/boafalllodge.com\/wp-content\/uploads\/2026\/03\/Boafall_Lodge_Sommerhus_Sydsverige_utomhus-300x225.png\" alt=\"Ferienwohnung f\u00fcr 20 Personen in Schweden bei Kopenhagen am See\" title=\"\">\r\n      <p class=\"image-caption\">Ein gro\u00dfes Ferienhaus in S\u00fcdschweden mit viel Platz f\u00fcr Gruppen und Familien.<\/p>\r\n    <\/section>\r\n\r\n    <section class=\"intro-text\">\r\n      <h2 class=\"section-title\">Ein gro\u00dfes Ferienhaus f\u00fcr 20 Personen in S\u00fcdschweden<\/h2>\r\n\r\n      <p>Suchen Sie einen <strong>Ferienhaus f\u00fcr 20 Personen in Schweden<\/strong>, Wo alle zusammen sein k\u00f6nnen? Hier finden Sie ein gro\u00dfes Ferienhaus in S\u00fcdschweden, das sowohl Platz f\u00fcr Gemeinschaft als auch f\u00fcr Ruhe bietet - perfekt f\u00fcr Familien, Gruppen und Mehrgenerationenaufenthalte.<\/p>\r\n\r\n      <p>Die Boafall Lodge ist eine gute Wahl, wenn Sie Natur, Komfort und die N\u00e4he zu Kopenhagen suchen. Sie macht es einfach, die ganze Familie zu versammeln, ohne einen ganzen Tag unterwegs zu sein.<\/p>\r\n\r\n      <p>Wenn Sie auch eine <a href=\"\/de\/sommerhus-sverige-naer-koebenhavn\/\">Gro\u00dfes Ferienhaus in Schweden bei Kopenhagen<\/a>, erhalten Sie eine L\u00f6sung, die Ruhe, Natur und Raum miteinander verbindet.<\/p>\r\n\r\n      <a class=\"btn btn-primary\" href=\"\/de\/ferienhaus-suedschweden-buchen\/\">Buchen Sie Ihren Aufenthalt<\/a>\r\n    <\/section>\r\n\r\n    <section class=\"image-block\">\r\n      <img decoding=\"async\" src=\"https:\/\/boafalllodge.com\/wp-content\/uploads\/2026\/03\/Ved-sommerhus-sydsveringe-300x200.png\" alt=\"Familienurlaub in einem gro\u00dfen Ferienhaus f\u00fcr 20 Personen in Schweden\" title=\"\">\r\n      <p class=\"image-caption\">Viel Raum f\u00fcr gemeinsame Erlebnisse und Entspannung f\u00fcr die ganze Gruppe.<\/p>\r\n    <\/section>\r\n\r\n    <section>\r\n      <h2 class=\"section-title\">Perfekt f\u00fcr gro\u00dfe Familien und Gruppen<\/h2>\r\n      <div class=\"grid3\">\r\n        <div class=\"card\">\r\n          <h3>Platz f\u00fcr alle<\/h3>\r\n          <p>Und <strong>Ferienhaus f\u00fcr 20 Personen<\/strong> erm\u00f6glicht es Ihnen, alle an einem Ort zu versammeln, ohne auf Komfort und Platz zu verzichten.<\/p>\r\n        <\/div>\r\n        <div class=\"card\">\r\n          <h3>Ideal f\u00fcr Familientreffen<\/h3>\r\n          <p>Ideal f\u00fcr Familienurlaube, Geburtstage und Aufenthalte, bei denen mehrere Generationen gemeinsam Zeit in ruhiger Umgebung verbringen m\u00f6chten.<\/p>\r\n        <\/div>\r\n        <div class=\"card\">\r\n          <h3>Leicht zu erreichen<\/h3>\r\n          <p>Die Stadt ist nur 2,5 Autostunden von Kopenhagen entfernt und eignet sich daher sowohl f\u00fcr kurze als auch f\u00fcr l\u00e4ngere Aufenthalte.<\/p>\r\n        <\/div>\r\n      <\/div>\r\n    <\/section>\r\n\r\n    <section>\r\n      <h2 class=\"section-title\">Ferienh\u00e4user in Schweden bei Kopenhagen<\/h2>\r\n\r\n      <p>Die Lage in S\u00fcdschweden macht es einfach, ohne lange Reisezeiten in den Urlaub zu fahren. Viele Menschen w\u00e4hlen diesen Ort f\u00fcr einen <a href=\"\/de\/weekendophold-sverige-fra-koebenhavn\/\">Wochenendausfl\u00fcge in Schweden ab Kopenhagen<\/a>, wo Ruhe und Natur im Mittelpunkt stehen.<\/p>\r\n\r\n      <p>Hier k\u00f6nnen Sie sich eine Auszeit vom Alltag nehmen, Zeit miteinander verbringen, die Natur genie\u00dfen und in entspannter Umgebung Erinnerungen schaffen.<\/p>\r\n    <\/section>\r\n\r\n    <section>\r\n      <h2 class=\"section-title\">Natur, Seen und Stille in S\u00fcdschweden<\/h2>\r\n\r\n      <p>Die Boafall Lodge liegt in einer malerischen Umgebung am See. Einer der <strong>Ferienhaus am See in Schweden<\/strong> bietet eine besondere Ruhe, die Ihren Aufenthalt noch entspannender und pr\u00e4senter macht.<\/p>\r\n\r\n      <p>Es ist ideal f\u00fcr Gruppen, die einen Urlaub verbringen m\u00f6chten, bei dem die Natur, das Miteinander und die Qualit\u00e4t der Zeit im Vordergrund stehen.<\/p>\r\n\r\n      <p>Wenn Sie eine Veranstaltung planen <a href=\"\/de\/familienurlaub-drei-generationen\/\">Familienurlaub in S\u00fcdschweden<\/a>, Dies ist eine offensichtliche Wahl.<\/p>\r\n    <\/section>\r\n\r\n    <section>\r\n      <h2 class=\"section-title\">Eine flexible Wahl f\u00fcr viele Arten von Aufenthalten<\/h2>\r\n\r\n      <p>Ein gro\u00dfes Ferienhaus in Schweden bietet Flexibilit\u00e4t sowohl f\u00fcr kurze als auch f\u00fcr lange Aufenthalte. Egal, ob Sie einen Wochenendausflug, einen Urlaub oder eine besondere Veranstaltung planen, Sie k\u00f6nnen Ihren Aufenthalt an Ihre Bed\u00fcrfnisse anpassen.<\/p>\r\n\r\n      <p><a class=\"btn btn-primary\" href=\"\/de\/ferienhaus-suedschweden-buchen\/\">Jetzt Verf\u00fcgbarkeit pr\u00fcfen<\/a><\/p>\r\n    <\/section>\r\n\r\n    <section class=\"faq\">\r\n      <h2 class=\"section-title\">H\u00e4ufig gestellte Fragen<\/h2>\r\n\r\n      <details>\r\n        <summary>Wie viele Personen k\u00f6nnen Sie unterbringen?<\/summary>\r\n        <p>Das Ferienhaus eignet sich f\u00fcr bis zu 20 Personen und ist ideal f\u00fcr gro\u00dfe Familien und Gruppen.<\/p>\r\n      <\/details>\r\n\r\n      <details>\r\n        <summary>Liegt es in der N\u00e4he von Kopenhagen?<\/summary>\r\n        <p>Ja, es ist etwa 2,5 Autostunden von Kopenhagen entfernt und daher leicht zu erreichen.<\/p>\r\n      <\/details>\r\n\r\n      <details>\r\n        <summary>Ist das Haus f\u00fcr Familien geeignet?<\/summary>\r\n        <p>Ja, es ist ideal f\u00fcr Familien und Mehrgenerationenaufenthalte.<\/p>\r\n      <\/details>\r\n\r\n      <details>\r\n        <summary>K\u00f6nnen Sie es f\u00fcr Wochenendausfl\u00fcge nutzen?<\/summary>\r\n        <p>Ja, viele Menschen w\u00e4hlen diesen Ort f\u00fcr einen Wochenendurlaub in Schweden von Kopenhagen aus.<\/p>\r\n      <\/details>\r\n    <\/section>\r\n\r\n    <section id=\"kontakt\">\r\n      <div class=\"cta-block\">\r\n        <h2>M\u00f6chten Sie die gesamte Gruppe an einem Ort versammeln?<\/h2>\r\n        <p>Sagen Sie uns, wie viele Personen Sie sind und wann Sie verreisen m\u00f6chten. Wir werden Ihnen helfen, die beste L\u00f6sung f\u00fcr Ihren Aufenthalt in S\u00fcdschweden zu finden.<\/p>\r\n        \n<div class=\"wpcf7 no-js\" id=\"wpcf7-f9-o1\" lang=\"en-US\" dir=\"ltr\" data-wpcf7-id=\"9\">\n<div class=\"screen-reader-response\"><p role=\"status\" aria-live=\"polite\" aria-atomic=\"true\"><\/p> <ul><\/ul><\/div>\n<form action=\"\/de\/wp-json\/wp\/v2\/pages\/2442#wpcf7-f9-o1\" method=\"post\" class=\"wpcf7-form init\" aria-label=\"Contact form\" novalidate=\"novalidate\" data-status=\"init\" data-trp-original-action=\"\/de\/wp-json\/wp\/v2\/pages\/2442#wpcf7-f9-o1\">\n<fieldset class=\"hidden-fields-container\"><input type=\"hidden\" name=\"_wpcf7\" value=\"9\" \/><input type=\"hidden\" name=\"_wpcf7_version\" value=\"6.1.5\" \/><input type=\"hidden\" name=\"_wpcf7_locale\" value=\"en_US\" \/><input type=\"hidden\" name=\"_wpcf7_unit_tag\" value=\"wpcf7-f9-o1\" \/><input type=\"hidden\" name=\"_wpcf7_container_post\" value=\"0\" \/><input type=\"hidden\" name=\"_wpcf7_posted_data_hash\" value=\"\" \/><input type=\"hidden\" name=\"_wpcf7_recaptcha_response\" value=\"\" \/>\n<\/fieldset>\n<div class=\"column one-second\">\n\t<p><span class=\"wpcf7-form-control-wrap\" data-name=\"your-name\"><input size=\"40\" maxlength=\"400\" class=\"wpcf7-form-control wpcf7-text wpcf7-validates-as-required\" aria-required=\"true\" aria-invalid=\"false\" placeholder=\"Name\" value=\"\" type=\"text\" name=\"your-name\" \/><\/span>\n\t<\/p>\n<\/div>\n<div class=\"column one-second\">\n\t<p><span class=\"wpcf7-form-control-wrap\" data-name=\"your-email\"><input size=\"40\" maxlength=\"400\" class=\"wpcf7-form-control wpcf7-email wpcf7-validates-as-required wpcf7-text wpcf7-validates-as-email\" aria-required=\"true\" aria-invalid=\"false\" placeholder=\"E-Mail\" value=\"\" type=\"email\" name=\"your-email\" \/><\/span>\n\t<\/p>\n<\/div>\n<div class=\"column one\">\n\t<p><span class=\"wpcf7-form-control-wrap\" data-name=\"your-subject\"><input size=\"40\" maxlength=\"400\" class=\"wpcf7-form-control wpcf7-text\" aria-invalid=\"false\" placeholder=\"Thema\" value=\"\" type=\"text\" name=\"your-subject\" \/><\/span>\n\t<\/p>\n<\/div>\n<div class=\"column one\">\n\t<p><span class=\"wpcf7-form-control-wrap\" data-name=\"your-message\"><textarea cols=\"40\" rows=\"5\" maxlength=\"2000\" class=\"wpcf7-form-control wpcf7-textarea\" aria-invalid=\"false\" placeholder=\"Nachricht\" name=\"your-message\"><\/textarea><\/span>\n\t<\/p>\n<\/div>\n<div class=\"column one\">\n\t<p><input class=\"wpcf7-form-control wpcf7-submit has-spinner button_full_width\" type=\"submit\" value=\"Abschicken\" \/>\n\t<\/p>\n<\/div><p style=\"display: none !important;\" class=\"akismet-fields-container\" data-prefix=\"_wpcf7_ak_\"><label>\u0394<textarea name=\"_wpcf7_ak_hp_textarea\" cols=\"45\" rows=\"8\" maxlength=\"100\"><\/textarea><\/label><input type=\"hidden\" id=\"ak_js_1\" name=\"_wpcf7_ak_js\" value=\"158\"\/><script>document.getElementById( \"ak_js_1\" ).setAttribute( \"value\", ( new Date() ).getTime() );<\/script><\/p><div class=\"wpcf7-response-output\" aria-hidden=\"true\"><\/div>\n<input type=\"hidden\" name=\"trp-form-language\" value=\"de\"\/><\/form>\n<\/div>\n\r\n      <\/div>\r\n    <\/section>\r\n\r\n  <\/div>\r\n<\/div>\r\n\r\n\r\n\r\n<p><\/p>","protected":false},"excerpt":{"rendered":"<p>Sommerhus til 20 personer i Sverige n\u00e6r K\u00f8benhavn Lej et stort sommerhus i Sydsverige med plads til hele familien eller gruppen. Perfekt til 20 personer, t\u00e6t<span class=\"excerpt-hellip\"> [\u2026]<\/span><\/p>\n","protected":false},"author":11,"featured_media":-1,"parent":0,"menu_order":0,"comment_status":"closed","ping_status":"closed","template":"","meta":{"footnotes":""},"class_list":["post-2442","page","type-page","status-publish","has-post-thumbnail","hentry"],"_links":{"self":[{"href":"https:\/\/boafalllodge.com\/de\/wp-json\/wp\/v2\/pages\/2442","targetHints":{"allow":["GET"]}}],"collection":[{"href":"https:\/\/boafalllodge.com\/de\/wp-json\/wp\/v2\/pages"}],"about":[{"href":"https:\/\/boafalllodge.com\/de\/wp-json\/wp\/v2\/types\/page"}],"author":[{"embeddable":true,"href":"https:\/\/boafalllodge.com\/de\/wp-json\/wp\/v2\/users\/11"}],"replies":[{"embeddable":true,"href":"https:\/\/boafalllodge.com\/de\/wp-json\/wp\/v2\/comments?post=2442"}],"version-history":[{"count":1,"href":"https:\/\/boafalllodge.com\/de\/wp-json\/wp\/v2\/pages\/2442\/revisions"}],"predecessor-version":[{"id":2604,"href":"https:\/\/boafalllodge.com\/de\/wp-json\/wp\/v2\/pages\/2442\/revisions\/2604"}],"wp:featuredmedia":[{"embeddable":true,"href":"https:\/\/boafalllodge.com\/de\/wp-json\/"}],"wp:attachment":[{"href":"https:\/\/boafalllodge.com\/de\/wp-json\/wp\/v2\/media?parent=2442"}],"curies":[{"name":"wp","href":"https:\/\/api.w.org\/{rel}","templated":true}]}}