{"id":2448,"date":"2026-03-20T10:56:22","date_gmt":"2026-03-20T08:56:22","guid":{"rendered":"https:\/\/boafalllodge.com\/?page_id=2448"},"modified":"2026-03-21T12:13:39","modified_gmt":"2026-03-21T10:13:39","slug":"wochenende-sud-schweden","status":"publish","type":"page","link":"https:\/\/boafalllodge.com\/de\/weekendophold-i-sverige-fra-koebenhavn\/","title":{"rendered":"Wochenendausfl\u00fcge in Schweden ab Kopenhagen"},"content":{"rendered":"<div class=\"family-page\">\n  <div class=\"family-container\">\n\n    <section>\n      <h1 class=\"hero-title\">Wochenendausfl\u00fcge in Schweden ab Kopenhagen<\/h1>\n      <p class=\"hero-subtitle\">Genie\u00dfen Sie einen erholsamen Wochenendaufenthalt in S\u00fcdschweden mit Natur, Seen und Ruhe. Nur etwa 2,5 Autostunden von Kopenhagen entfernt - perfekt f\u00fcr Familien und Gruppen.<\/p>\n      <p style=\"margin-top:24px;\">\n        <a class=\"btn btn-primary\" href=\"\/de\/ferienhaus-suedschweden-buchen\/\">Verf\u00fcgbare Termine<\/a>\n      <\/p>\n    <\/section>\n\n    <section class=\"highlight-grid\">\n      <a class=\"highlight-card-link\" href=\"\/de\/sommerhus-sydsverige-faciliteter\/\">\n        <div class=\"highlight-card\"><h3>Stille und Natur<\/h3><\/div>\n      <\/a>\n\n      <a class=\"highlight-card-link\" href=\"\/de\/grosses-ferienhaus-kopenhagen\/\">\n        <div class=\"highlight-card\"><h3>Klare Preisgestaltung<\/h3><\/div>\n      <\/a>\n\n      <a class=\"highlight-card-link\" href=\"\/de\/ferienhaus-suedschweden-buchen\/\">\n        <div class=\"highlight-card\"><h3>Siehe Stellenangebot<\/h3><\/div>\n      <\/a>\n\n      <a class=\"highlight-card-link\" href=\"\/de\/kontakt-2\/\">\n        <div class=\"highlight-card\"><h3>Personalisierte Hilfe<\/h3><\/div>\n      <\/a>\n\n      <a class=\"highlight-card-link\" href=\"\/de\/kontakt-2\/#kaart\">\n        <div class=\"highlight-card\"><h3>2,5 Stunden von Kopenhagen entfernt<\/h3><\/div>\n      <\/a>\n    <\/section>\n\n    <section class=\"image-block\">\n      <img decoding=\"async\" src=\"https:\/\/boafalllodge.com\/wp-content\/uploads\/2026\/03\/Boafall_Lodge_Sommerhus_Sydsverige_utomhus-300x225.png\" alt=\"Wochenendaufenthalte in Schweden von Kopenhagen aus am Meer\" title=\"\">\n      <p class=\"image-caption\">Genie\u00dfen Sie einen Wochenendurlaub in Schweden mit Ruhe, Natur und Seeblick.<\/p>\n    <\/section>\n\n    <section class=\"intro-text\">\n      <h2 class=\"section-title\">Ein Wochenendurlaub in Schweden mit Ruhe und Natur<\/h2>\n\n      <p>Suchen Sie einen <strong>Wochenendausfl\u00fcge in Schweden ab Kopenhagen<\/strong>, Wo k\u00f6nnen Sie entspannen und neue Energie tanken? In S\u00fcdschweden finden Sie eine ruhige Umgebung, wundersch\u00f6ne Natur und viel Platz f\u00fcr soziale Kontakte - nur eine kurze Autofahrt von der Stadt entfernt.<\/p>\n\n      <p>Die Boafall Lodge ist eine gute Wahl, wenn Sie einen Aufenthalt mit Komfort und Intimit\u00e4t w\u00fcnschen. Hier k\u00f6nnen Sie die Stille genie\u00dfen, Spazierg\u00e4nge in der Natur unternehmen und Zeit miteinander verbringen, ohne die Ablenkungen des Alltags.<\/p>\n\n      <p>Wenn Sie auch eine <a href=\"\/de\/sommerhus-sverige-naer-koebenhavn\/\">Ferienhaus in Schweden bei Kopenhagen<\/a>, erhalten Sie eine L\u00f6sung, die leicht zu erreichen ist und in der Sie sich wohlf\u00fchlen.<\/p>\n\n      <a class=\"btn btn-primary\" href=\"\/de\/ferienhaus-suedschweden-buchen\/\">Buchen Sie Ihren Wochenendaufenthalt<\/a>\n    <\/section>\n\n    <section class=\"image-block\">\n      <img decoding=\"async\" src=\"https:\/\/boafalllodge.com\/wp-content\/uploads\/2026\/03\/Ved-sommerhus-sydsveringe-300x200.png\" alt=\"Wochenendreise in Schweden f\u00fcr Familien und Gruppen\" title=\"\">\n      <p class=\"image-caption\">Ideal, um sich zu entspannen, Kontakte zu kn\u00fcpfen und eine Auszeit vom Alltag zu nehmen.<\/p>\n    <\/section>\n\n    <section>\n      <h2 class=\"section-title\">Perfekt f\u00fcr Familien und Gruppen<\/h2>\n      <div class=\"grid3\">\n        <div class=\"card\">\n          <h3>Entspannung in der Natur<\/h3>\n          <p>Ein Wochenendurlaub in Schweden bietet Ihnen die M\u00f6glichkeit, abzuschalten und die Natur in einem langsameren Tempo zu genie\u00dfen.<\/p>\n        <\/div>\n        <div class=\"card\">\n          <h3>Platz f\u00fcr alle<\/h3>\n          <p>Wenn Sie in einer Gruppe reisen, gibt es viel Platz f\u00fcr Zweisamkeit und Entspannung in einem <a href=\"\/de\/ferienhaus-20-personen-sud-schweden\/\">Ferienhaus f\u00fcr 20 Personen in Schweden<\/a>.<\/p>\n        <\/div>\n        <div class=\"card\">\n          <h3>Einfach von Kopenhagen aus<\/h3>\n          <p>Mit einer Fahrzeit von nur 2,5 Stunden ist es einfach, wegzufahren - selbst f\u00fcr ein kurzes Wochenende.<\/p>\n        <\/div>\n      <\/div>\n    <\/section>\n\n    <section>\n      <h2 class=\"section-title\">Kurzurlaub mit gro\u00dfer Wirkung<\/h2>\n\n      <p>Selbst ein kurzer Aufenthalt kann einen gro\u00dfen Unterschied machen. Ein kurzer <strong>Wochenendausfl\u00fcge in Schweden<\/strong> gibt Ihnen die M\u00f6glichkeit, dem Alltag zu entfliehen und mit neuer Energie zur\u00fcckzukehren.<\/p>\n\n      <p>Hier kann man den Tag in Ruhe beginnen, gemeinsam fr\u00fchst\u00fccken, kleine Spazierg\u00e4nge machen und die Natur ohne Hektik genie\u00dfen.<\/p>\n    <\/section>\n\n    <section>\n      <h2 class=\"section-title\">Natur, See und Stille<\/h2>\n\n      <p>Die Boafall Lodge liegt an einem See in S\u00fcdschweden. Einer der <strong>Ferienhaus am See in Schweden<\/strong> bietet eine besondere Atmosph\u00e4re, in der Ruhe und Pr\u00e4senz im Mittelpunkt stehen.<\/p>\n\n      <p>Wenn Sie eine Veranstaltung planen <a href=\"\/de\/familienurlaub-drei-generationen\/\">Familienurlaub in S\u00fcdschweden<\/a>, Dies ist auch eine gute Wahl f\u00fcr kurze und lange Aufenthalte.<\/p>\n    <\/section>\n\n    <section>\n      <h2 class=\"section-title\">Wochenendaufenthalte in der N\u00e4he von Kopenhagen<\/h2>\n\n      <p>Die kurze Entfernung macht es einfach, ohne Planung und lange Anfahrtswege zu fahren. Das macht sie f\u00fcr Familien, Paare und Gruppen gleicherma\u00dfen attraktiv.<\/p>\n\n      <p>Wenn Sie auf der Suche nach einem Aufenthalt mit Natur, Komfort und Platz sind, ist dies eine L\u00f6sung, die in der Praxis funktioniert.<\/p>\n\n      <p><a class=\"btn btn-primary\" href=\"\/de\/ferienhaus-suedschweden-buchen\/\">Jetzt Verf\u00fcgbarkeit pr\u00fcfen<\/a><\/p>\n    <\/section>\n\n    <section class=\"faq\">\n      <h2 class=\"section-title\">H\u00e4ufig gestellte Fragen<\/h2>\n\n      <details>\n        <summary>Wie weit ist es von Kopenhagen entfernt?<\/summary>\n        <p>Die Fahrt dorthin dauert etwa 2,5 Stunden und ist daher ideal f\u00fcr einen Wochenendausflug.<\/p>\n      <\/details>\n\n      <details>\n        <summary>Ist es f\u00fcr Familien geeignet?<\/summary>\n        <p>Ja, es ist ideal f\u00fcr Familien und Gruppen, die Ruhe und Natur suchen.<\/p>\n      <\/details>\n\n      <details>\n        <summary>K\u00f6nnen viele Menschen zusammenleben?<\/summary>\n        <p>Ja, Sie k\u00f6nnen in einem gro\u00dfen Ferienhaus wohnen, das Platz f\u00fcr bis zu 20 Personen bietet.<\/p>\n      <\/details>\n\n      <details>\n        <summary>Was ist das Besondere daran?<\/summary>\n        <p>Die Kombination aus Natur, See und kurzer Entfernung zu Kopenhagen macht die Stadt zu einer attraktiven Wahl.<\/p>\n      <\/details>\n    <\/section>\n\n    <section id=\"kontakt\">\n      <div class=\"cta-block\">\n        <h2>Bereit f\u00fcr einen Wochenendtrip nach Schweden?<\/h2>\n        <p>Teilen Sie uns mit, wann Sie verreisen m\u00f6chten und wie viele Personen Sie sind. Wir helfen Ihnen, den perfekten Urlaub in S\u00fcdschweden zu finden.<\/p>\n        \n<div class=\"wpcf7 no-js\" id=\"wpcf7-f9-o1\" lang=\"en-US\" dir=\"ltr\" data-wpcf7-id=\"9\">\n<div class=\"screen-reader-response\"><p role=\"status\" aria-live=\"polite\" aria-atomic=\"true\"><\/p> <ul><\/ul><\/div>\n<form action=\"\/de\/wp-json\/wp\/v2\/pages\/2448#wpcf7-f9-o1\" method=\"post\" class=\"wpcf7-form init\" aria-label=\"Contact form\" novalidate=\"novalidate\" data-status=\"init\" data-trp-original-action=\"\/de\/wp-json\/wp\/v2\/pages\/2448#wpcf7-f9-o1\">\n<fieldset class=\"hidden-fields-container\"><input type=\"hidden\" name=\"_wpcf7\" value=\"9\" \/><input type=\"hidden\" name=\"_wpcf7_version\" value=\"6.1.5\" \/><input type=\"hidden\" name=\"_wpcf7_locale\" value=\"en_US\" \/><input type=\"hidden\" name=\"_wpcf7_unit_tag\" value=\"wpcf7-f9-o1\" \/><input type=\"hidden\" name=\"_wpcf7_container_post\" value=\"0\" \/><input type=\"hidden\" name=\"_wpcf7_posted_data_hash\" value=\"\" \/><input type=\"hidden\" name=\"_wpcf7_recaptcha_response\" value=\"\" \/>\n<\/fieldset>\n<div class=\"column one-second\">\n\t<p><span class=\"wpcf7-form-control-wrap\" data-name=\"your-name\"><input size=\"40\" maxlength=\"400\" class=\"wpcf7-form-control wpcf7-text wpcf7-validates-as-required\" aria-required=\"true\" aria-invalid=\"false\" placeholder=\"Name\" value=\"\" type=\"text\" name=\"your-name\" \/><\/span>\n\t<\/p>\n<\/div>\n<div class=\"column one-second\">\n\t<p><span class=\"wpcf7-form-control-wrap\" data-name=\"your-email\"><input size=\"40\" maxlength=\"400\" class=\"wpcf7-form-control wpcf7-email wpcf7-validates-as-required wpcf7-text wpcf7-validates-as-email\" aria-required=\"true\" aria-invalid=\"false\" placeholder=\"E-Mail\" value=\"\" type=\"email\" name=\"your-email\" \/><\/span>\n\t<\/p>\n<\/div>\n<div class=\"column one\">\n\t<p><span class=\"wpcf7-form-control-wrap\" data-name=\"your-subject\"><input size=\"40\" maxlength=\"400\" class=\"wpcf7-form-control wpcf7-text\" aria-invalid=\"false\" placeholder=\"Thema\" value=\"\" type=\"text\" name=\"your-subject\" \/><\/span>\n\t<\/p>\n<\/div>\n<div class=\"column one\">\n\t<p><span class=\"wpcf7-form-control-wrap\" data-name=\"your-message\"><textarea cols=\"40\" rows=\"5\" maxlength=\"2000\" class=\"wpcf7-form-control wpcf7-textarea\" aria-invalid=\"false\" placeholder=\"Nachricht\" name=\"your-message\"><\/textarea><\/span>\n\t<\/p>\n<\/div>\n<div class=\"column one\">\n\t<p><input class=\"wpcf7-form-control wpcf7-submit has-spinner button_full_width\" type=\"submit\" value=\"Abschicken\" \/>\n\t<\/p>\n<\/div><p style=\"display: none !important;\" class=\"akismet-fields-container\" data-prefix=\"_wpcf7_ak_\"><label>\u0394<textarea name=\"_wpcf7_ak_hp_textarea\" cols=\"45\" rows=\"8\" maxlength=\"100\"><\/textarea><\/label><input type=\"hidden\" id=\"ak_js_1\" name=\"_wpcf7_ak_js\" value=\"7\"\/><script>document.getElementById( \"ak_js_1\" ).setAttribute( \"value\", ( new Date() ).getTime() );<\/script><\/p><div class=\"wpcf7-response-output\" aria-hidden=\"true\"><\/div>\n<input type=\"hidden\" name=\"trp-form-language\" value=\"de\"\/><\/form>\n<\/div>\n\n      <\/div>\n    <\/section>\n\n  <\/div>\n<\/div>","protected":false},"excerpt":{"rendered":"<p>Weekendophold i Sverige fra K\u00f8benhavn Tag p\u00e5 et afslappende weekendophold i Sydsverige med natur, s\u00f8 og ro. Kun ca. 2,5 timers k\u00f8rsel fra K\u00f8benhavn \u2013 perfekt<span class=\"excerpt-hellip\"> [\u2026]<\/span><\/p>\n","protected":false},"author":11,"featured_media":0,"parent":0,"menu_order":0,"comment_status":"closed","ping_status":"closed","template":"","meta":{"footnotes":""},"class_list":["post-2448","page","type-page","status-publish","hentry"],"_links":{"self":[{"href":"https:\/\/boafalllodge.com\/de\/wp-json\/wp\/v2\/pages\/2448","targetHints":{"allow":["GET"]}}],"collection":[{"href":"https:\/\/boafalllodge.com\/de\/wp-json\/wp\/v2\/pages"}],"about":[{"href":"https:\/\/boafalllodge.com\/de\/wp-json\/wp\/v2\/types\/page"}],"author":[{"embeddable":true,"href":"https:\/\/boafalllodge.com\/de\/wp-json\/wp\/v2\/users\/11"}],"replies":[{"embeddable":true,"href":"https:\/\/boafalllodge.com\/de\/wp-json\/wp\/v2\/comments?post=2448"}],"version-history":[{"count":0,"href":"https:\/\/boafalllodge.com\/de\/wp-json\/wp\/v2\/pages\/2448\/revisions"}],"wp:attachment":[{"href":"https:\/\/boafalllodge.com\/de\/wp-json\/wp\/v2\/media?parent=2448"}],"curies":[{"name":"wp","href":"https:\/\/api.w.org\/{rel}","templated":true}]}}