{"id":2451,"date":"2026-03-20T11:11:55","date_gmt":"2026-03-20T09:11:55","guid":{"rendered":"https:\/\/boafalllodge.com\/?page_id=2451"},"modified":"2026-03-20T11:13:07","modified_gmt":"2026-03-20T09:13:07","slug":"familienurlaub-drei-generationen","status":"publish","type":"page","link":"https:\/\/boafalllodge.com\/de\/familieferie-sydsverige\/","title":{"rendered":"Familienurlaub in S\u00fcdschweden"},"content":{"rendered":"<div class=\"family-page\">\n  <div class=\"family-container\">\n\n    <section>\n      <h1 class=\"hero-title\">Familienurlaub in S\u00fcdschweden bei Kopenhagen<\/h1>\n      <p class=\"hero-subtitle\">Genie\u00dfen Sie einen Familienurlaub in S\u00fcdschweden mit Natur, Ruhe und Platz f\u00fcr die ganze Familie. Perfekt f\u00fcr mehrere Generationen und nur etwa 2,5 Autostunden von Kopenhagen entfernt.<\/p>\n      <p style=\"margin-top:24px;\">\n        <a class=\"btn btn-primary\" href=\"\/de\/ferienhaus-suedschweden-buchen\/\">Verf\u00fcgbare Termine<\/a>\n      <\/p>\n    <\/section>\n\n    <section class=\"highlight-grid\">\n      <a class=\"highlight-card-link\" href=\"\/de\/sommerhus-sydsverige-faciliteter\/\">\n        <div class=\"highlight-card\"><h3>Platz f\u00fcr die ganze Familie<\/h3><\/div>\n      <\/a>\n\n      <a class=\"highlight-card-link\" href=\"\/de\/grosses-ferienhaus-kopenhagen\/\">\n        <div class=\"highlight-card\"><h3>Klare Preisgestaltung<\/h3><\/div>\n      <\/a>\n\n      <a class=\"highlight-card-link\" href=\"\/de\/ferienhaus-suedschweden-buchen\/\">\n        <div class=\"highlight-card\"><h3>Verf\u00fcgbare Termine<\/h3><\/div>\n      <\/a>\n\n      <a class=\"highlight-card-link\" href=\"\/de\/kontakt-2\/\">\n        <div class=\"highlight-card\"><h3>Personalisierte Hilfe<\/h3><\/div>\n      <\/a>\n\n      <a class=\"highlight-card-link\" href=\"\/de\/kontakt-2\/#kaart\">\n        <div class=\"highlight-card\"><h3>Ungef\u00e4hr 2,5 Stunden von Kopenhagen entfernt<\/h3><\/div>\n      <\/a>\n    <\/section>\n\n    <section class=\"image-block\">\n      <img decoding=\"async\" src=\"https:\/\/boafalllodge.com\/wp-content\/uploads\/2026\/03\/Boafall_Lodge_Sommerhus_Sydsverige_utomhus-300x225.png\" alt=\"Familienurlaub in S\u00fcdschweden bei Kopenhagen am See\" title=\"\">\n      <p class=\"image-caption\">Erleben Sie einen entspannten Familienurlaub in S\u00fcdschweden mit Natur und Ruhe.<\/p>\n    <\/section>\n\n    <section class=\"intro-text\">\n      <h2 class=\"section-title\">Familienurlaub in Schweden mit Platz f\u00fcr alle<\/h2>\n\n      <p>Suchen Sie einen <strong>Familienurlaub in S\u00fcdschweden bei Kopenhagen<\/strong>, Wo Kinder, Erwachsene und Gro\u00dfeltern zusammen sein k\u00f6nnen? Hier genie\u00dfen Sie einen entspannten Urlaub mit Natur, Ruhe und viel Platz - und das in Stadtn\u00e4he.<\/p>\n\n      <p>Die Boafall Lodge ist ideal f\u00fcr Familien, die an einem Ort zusammenkommen m\u00f6chten. Es gibt Raum f\u00fcr gemeinsame Mahlzeiten, Entspannung und Aktivit\u00e4ten in der Natur, w\u00e4hrend jeder sein eigenes Tempo finden kann.<\/p>\n\n      <p>Wenn Sie zus\u00e4tzlichen Platz ben\u00f6tigen, k\u00f6nnen Sie eine <a href=\"\/de\/ferienhaus-20-personen-sud-schweden\/\">Ferienhaus f\u00fcr 20 Personen in Schweden<\/a>, was Flexibilit\u00e4t f\u00fcr gr\u00f6\u00dfere Familien und Gruppen bietet.<\/p>\n\n      <p>Das Gebiet ist ideal f\u00fcr <strong>Urlaub mit Kindern in Schweden<\/strong>, wo die Natur Raum f\u00fcr Spiel, Entspannung und gemeinsame Erlebnisse bietet.<\/p>\n\n      <a class=\"btn btn-primary\" href=\"\/de\/ferienhaus-suedschweden-buchen\/\">Buchen Sie Ihren Familienurlaub<\/a>\n    <\/section>\n\n    <section class=\"image-block\">\n      <img decoding=\"async\" src=\"https:\/\/boafalllodge.com\/wp-content\/uploads\/2026\/03\/Ved-sommerhus-sydsveringe-300x200.png\" alt=\"Familienurlaub in Schweden in nat\u00fcrlicher und ruhiger Umgebung\" title=\"\">\n      <p class=\"image-caption\">Perfekt f\u00fcr gemeinsame Zeit und Erlebnisse als Familie.<\/p>\n    <\/section>\n\n    <section>\n      <h2 class=\"section-title\">Warum sollte man sich f\u00fcr einen Familienurlaub in S\u00fcdschweden entscheiden?<\/h2>\n      <div class=\"grid3\">\n        <div class=\"card\">\n          <h3>Stille und Natur<\/h3>\n          <p>A <strong>Familienurlaub in Schweden<\/strong> bietet die M\u00f6glichkeit, dem Alltagstempo zu entfliehen und die Natur in einer ruhigen Umgebung zu genie\u00dfen.<\/p>\n        <\/div>\n        <div class=\"card\">\n          <h3>Platz f\u00fcr mehrere Generationen<\/h3>\n          <p>Und <strong>Gro\u00dfes Ferienhaus in Schweden<\/strong> macht es einfach, mehrere Generationen zusammenzubringen und gemeinsame Erlebnisse zu schaffen.<\/p>\n        <\/div>\n        <div class=\"card\">\n          <h3>In der N\u00e4he von Kopenhagen<\/h3>\n          <p>Mit einer Fahrzeit von nur 2,5 Stunden ist es einfach, sich auf den Weg zu machen. <strong>Urlaub in der N\u00e4he von Kopenhagen<\/strong> - Auch mit Kindern.<\/p>\n        <\/div>\n      <\/div>\n    <\/section>\n\n    <section>\n      <h2 class=\"section-title\">Urlaub mit Pr\u00e4senz und Zeitqualit\u00e4t<\/h2>\n\n      <p>A <strong>Familienurlaub in S\u00fcdschweden<\/strong> geht es um das Zusammensein. Es gibt Zeit f\u00fcr Gespr\u00e4che, gemeinsame Mahlzeiten und Erlebnisse in der Natur.<\/p>\n\n      <p>A <strong>Natururlaub mit Kindern in Schweden<\/strong> bietet eine ruhige Umgebung, in der sich die ganze Familie entspannen und die Umgebung genie\u00dfen kann.<\/p>\n    <\/section>\n\n    <section>\n      <h2 class=\"section-title\">Perfekt f\u00fcr 3 Generationen<\/h2>\n\n      <p>Der Veranstaltungsort ist besonders geeignet f\u00fcr <strong>Urlaub f\u00fcr 3 Generationen in Schweden<\/strong>, wo Kinder, Eltern und Gro\u00dfeltern in ruhiger Umgebung zusammen sein k\u00f6nnen.<\/p>\n\n      <p>Der flexible Grundriss macht es leicht, Gemeinschaft und Privatsph\u00e4re zu verbinden.<\/p>\n    <\/section>\n\n    <section>\n      <h2 class=\"section-title\">Wochenende oder l\u00e4ngerer Urlaub<\/h2>\n\n      <p>Viele Menschen w\u00e4hlen eine <a href=\"\/de\/weekendophold-sverige-fra-koebenhavn\/\">Wochenendausfl\u00fcge in Schweden ab Kopenhagen<\/a>, w\u00e4hrend andere l\u00e4nger bleiben und einen kompletten Urlaub in der Natur genie\u00dfen.<\/p>\n\n      <p>Dank dieser Flexibilit\u00e4t k\u00f6nnen Sie Ihren Aufenthalt ganz nach Ihren Bed\u00fcrfnissen gestalten.<\/p>\n    <\/section>\n\n    <section>\n      <h2 class=\"section-title\">Ferienh\u00e4user in Schweden bei Kopenhagen<\/h2>\n\n      <p>Wenn Sie auf der Suche nach einem Ort sind, der Natur, Komfort und Platz bietet, ist dies eine gute Wahl. A <a href=\"\/de\/sommerhus-sverige-naer-koebenhavn\/\">Ferienhaus in Schweden bei Kopenhagen<\/a> bietet Ihnen das Beste aus beiden Welten.<\/p>\n\n      <p><a class=\"btn btn-primary\" href=\"\/de\/ferienhaus-suedschweden-buchen\/\">Jetzt Verf\u00fcgbarkeit pr\u00fcfen<\/a><\/p>\n    <\/section>\n\n    <section class=\"faq\">\n      <h2 class=\"section-title\">H\u00e4ufig gestellte Fragen<\/h2>\n\n      <details>\n        <summary>Ist es f\u00fcr Kinder geeignet?<\/summary>\n        <p>Ja, es ist ideal f\u00fcr Familien mit Kindern, da es Natur, Raum und eine ruhige Umgebung bietet.<\/p>\n      <\/details>\n\n      <details>\n        <summary>K\u00f6nnen mehrere Generationen zusammen sein?<\/summary>\n        <p>Ja, es ist perfekt f\u00fcr Mehrgenerationenfamilien.<\/p>\n      <\/details>\n\n      <details>\n        <summary>Wie weit ist es von Kopenhagen entfernt?<\/summary>\n        <p>Ungef\u00e4hr 2,5 Stunden Fahrt.<\/p>\n      <\/details>\n\n      <details>\n        <summary>Was ist das Besondere daran?<\/summary>\n        <p>Die Kombination aus Natur, Ruhe und der N\u00e4he zu Kopenhagen macht sie zu einer attraktiven Wahl.<\/p>\n      <\/details>\n    <\/section>\n\n    <section id=\"kontakt\">\n      <div class=\"cta-block\">\n        <h2>Bereit f\u00fcr einen Familienurlaub in S\u00fcdschweden?<\/h2>\n        <p>Sagen Sie uns, wie viele Personen Sie sind und wann Sie fahren m\u00f6chten. Wir werden Ihnen helfen, die beste L\u00f6sung zu finden.<\/p>\n        \n<div class=\"wpcf7 no-js\" id=\"wpcf7-f9-o1\" lang=\"en-US\" dir=\"ltr\" data-wpcf7-id=\"9\">\n<div class=\"screen-reader-response\"><p role=\"status\" aria-live=\"polite\" aria-atomic=\"true\"><\/p> <ul><\/ul><\/div>\n<form action=\"\/de\/wp-json\/wp\/v2\/pages\/2451#wpcf7-f9-o1\" method=\"post\" class=\"wpcf7-form init\" aria-label=\"Contact form\" novalidate=\"novalidate\" data-status=\"init\" data-trp-original-action=\"\/de\/wp-json\/wp\/v2\/pages\/2451#wpcf7-f9-o1\">\n<fieldset class=\"hidden-fields-container\"><input type=\"hidden\" name=\"_wpcf7\" value=\"9\" \/><input type=\"hidden\" name=\"_wpcf7_version\" value=\"6.1.5\" \/><input type=\"hidden\" name=\"_wpcf7_locale\" value=\"en_US\" \/><input type=\"hidden\" name=\"_wpcf7_unit_tag\" value=\"wpcf7-f9-o1\" \/><input type=\"hidden\" name=\"_wpcf7_container_post\" value=\"0\" \/><input type=\"hidden\" name=\"_wpcf7_posted_data_hash\" value=\"\" \/><input type=\"hidden\" name=\"_wpcf7_recaptcha_response\" value=\"\" \/>\n<\/fieldset>\n<div class=\"column one-second\">\n\t<p><span class=\"wpcf7-form-control-wrap\" data-name=\"your-name\"><input size=\"40\" maxlength=\"400\" class=\"wpcf7-form-control wpcf7-text wpcf7-validates-as-required\" aria-required=\"true\" aria-invalid=\"false\" placeholder=\"Name\" value=\"\" type=\"text\" name=\"your-name\" \/><\/span>\n\t<\/p>\n<\/div>\n<div class=\"column one-second\">\n\t<p><span class=\"wpcf7-form-control-wrap\" data-name=\"your-email\"><input size=\"40\" maxlength=\"400\" class=\"wpcf7-form-control wpcf7-email wpcf7-validates-as-required wpcf7-text wpcf7-validates-as-email\" aria-required=\"true\" aria-invalid=\"false\" placeholder=\"E-Mail\" value=\"\" type=\"email\" name=\"your-email\" \/><\/span>\n\t<\/p>\n<\/div>\n<div class=\"column one\">\n\t<p><span class=\"wpcf7-form-control-wrap\" data-name=\"your-subject\"><input size=\"40\" maxlength=\"400\" class=\"wpcf7-form-control wpcf7-text\" aria-invalid=\"false\" placeholder=\"Thema\" value=\"\" type=\"text\" name=\"your-subject\" \/><\/span>\n\t<\/p>\n<\/div>\n<div class=\"column one\">\n\t<p><span class=\"wpcf7-form-control-wrap\" data-name=\"your-message\"><textarea cols=\"40\" rows=\"5\" maxlength=\"2000\" class=\"wpcf7-form-control wpcf7-textarea\" aria-invalid=\"false\" placeholder=\"Nachricht\" name=\"your-message\"><\/textarea><\/span>\n\t<\/p>\n<\/div>\n<div class=\"column one\">\n\t<p><input class=\"wpcf7-form-control wpcf7-submit has-spinner button_full_width\" type=\"submit\" value=\"Abschicken\" \/>\n\t<\/p>\n<\/div><p style=\"display: none !important;\" class=\"akismet-fields-container\" data-prefix=\"_wpcf7_ak_\"><label>\u0394<textarea name=\"_wpcf7_ak_hp_textarea\" cols=\"45\" rows=\"8\" maxlength=\"100\"><\/textarea><\/label><input type=\"hidden\" id=\"ak_js_1\" name=\"_wpcf7_ak_js\" value=\"109\"\/><script>document.getElementById( \"ak_js_1\" ).setAttribute( \"value\", ( new Date() ).getTime() );<\/script><\/p><div class=\"wpcf7-response-output\" aria-hidden=\"true\"><\/div>\n<input type=\"hidden\" name=\"trp-form-language\" value=\"de\"\/><\/form>\n<\/div>\n\n      <\/div>\n    <\/section>\n\n  <\/div>\n<\/div>","protected":false},"excerpt":{"rendered":"<p>Familieferie i Sydsverige n\u00e6r K\u00f8benhavn Hold familieferie i Sydsverige med natur, ro og plads til hele familien. Perfekt til flere generationer og kun ca. 2,5 timers<span class=\"excerpt-hellip\"> [\u2026]<\/span><\/p>\n","protected":false},"author":11,"featured_media":0,"parent":0,"menu_order":0,"comment_status":"closed","ping_status":"closed","template":"","meta":{"footnotes":""},"class_list":["post-2451","page","type-page","status-publish","hentry"],"_links":{"self":[{"href":"https:\/\/boafalllodge.com\/de\/wp-json\/wp\/v2\/pages\/2451","targetHints":{"allow":["GET"]}}],"collection":[{"href":"https:\/\/boafalllodge.com\/de\/wp-json\/wp\/v2\/pages"}],"about":[{"href":"https:\/\/boafalllodge.com\/de\/wp-json\/wp\/v2\/types\/page"}],"author":[{"embeddable":true,"href":"https:\/\/boafalllodge.com\/de\/wp-json\/wp\/v2\/users\/11"}],"replies":[{"embeddable":true,"href":"https:\/\/boafalllodge.com\/de\/wp-json\/wp\/v2\/comments?post=2451"}],"version-history":[{"count":0,"href":"https:\/\/boafalllodge.com\/de\/wp-json\/wp\/v2\/pages\/2451\/revisions"}],"wp:attachment":[{"href":"https:\/\/boafalllodge.com\/de\/wp-json\/wp\/v2\/media?parent=2451"}],"curies":[{"name":"wp","href":"https:\/\/api.w.org\/{rel}","templated":true}]}}