{"id":2442,"date":"2026-03-20T10:39:26","date_gmt":"2026-03-20T08:39:26","guid":{"rendered":"https:\/\/boafalllodge.com\/?page_id=2442"},"modified":"2026-03-25T18:37:48","modified_gmt":"2026-03-25T16:37:48","slug":"vakantiehuis-20-personen-zuid-zweden","status":"publish","type":"page","link":"https:\/\/boafalllodge.com\/nl\/sommerhus-20-personer-sverige\/","title":{"rendered":"Vakantiehuis voor 20 personen in Zweden bij Kopenhagen"},"content":{"rendered":"<div class=\"family-page\">\r\n  <div class=\"family-container\">\r\n\r\n    <section>\r\n      <h1 class=\"hero-title\">Vakantiehuis voor 20 personen in Zweden bij Kopenhagen<\/h1>\r\n      <p class=\"hero-subtitle\">Huur een groot vakantiehuis in Zuid-Zweden met ruimte voor de hele familie of groep. Perfect voor 20 personen, dicht bij de natuur en slechts ongeveer 2,5 uur rijden van Kopenhagen.<\/p>\r\n      <p style=\"margin-top:24px;\">\r\n        <a class=\"btn btn-primary\" href=\"\/nl\/vakantiehuis-zuid-zweden-boeken\/\">Bekijk prijzen en beschikbare data<\/a>\r\n      <\/p>\r\n    <\/section>\r\n\r\n    <section class=\"highlight-grid\">\r\n      <a class=\"highlight-card-link\" href=\"\/nl\/sommerhus-sydsverige-faciliteter\/\">\r\n        <div class=\"highlight-card\"><h3>Zitplaatsen voor 20 personen<\/h3><\/div>\r\n      <\/a>\r\n\r\n      <a class=\"highlight-card-link\" href=\"\/nl\/groot-vakantiehuis-kopenhagen\/\">\r\n        <div class=\"highlight-card\"><h3>Duidelijke prijzen<\/h3><\/div>\r\n      <\/a>\r\n\r\n      <a class=\"highlight-card-link\" href=\"\/nl\/vakantiehuis-zuid-zweden-boeken\/\">\r\n        <div class=\"highlight-card\"><h3>Bekijk beschikbare data<\/h3><\/div>\r\n      <\/a>\r\n\r\n      <a class=\"highlight-card-link\" href=\"\/nl\/neem-contact-op\/\">\r\n        <div class=\"highlight-card\"><h3>Persoonlijke hulp<\/h3><\/div>\r\n      <\/a>\r\n\r\n      <a class=\"highlight-card-link\" href=\"\/nl\/neem-contact-op\/#kaart\">\r\n        <div class=\"highlight-card\"><h3>Ongeveer 2,5 uur van Kopenhagen<\/h3><\/div>\r\n      <\/a>\r\n    <\/section>\r\n\r\n    <section class=\"image-block\">\r\n      <img decoding=\"async\" src=\"https:\/\/boafalllodge.com\/wp-content\/uploads\/2026\/03\/Boafall_Lodge_Sommerhus_Sydsverige_utomhus-300x225.png\" alt=\"Vakantiehuis voor 20 personen in Zweden bij Kopenhagen aan meer\" title=\"\">\r\n      <p class=\"image-caption\">Een groot vakantiehuis in Zuid-Zweden met veel ruimte voor groepen en gezinnen.<\/p>\r\n    <\/section>\r\n\r\n    <section class=\"intro-text\">\r\n      <h2 class=\"section-title\">Een groot vakantiehuis voor 20 personen in Zuid-Zweden<\/h2>\r\n\r\n      <p>Ben je op zoek naar een <strong>vakantiehuis voor 20 personen in Zweden<\/strong>, Waar iedereen samen kan zijn? Hier vind je een groot vakantiehuis in Zuid-Zweden met ruimte voor zowel gemeenschap als rust - perfect voor gezinnen, groepen en verblijven van meerdere generaties.<\/p>\r\n\r\n      <p>Boafall Lodge is een voor de hand liggende keuze als je op zoek bent naar natuur, comfort en de nabijheid van Kopenhagen. Het maakt het gemakkelijk om de hele familie bij elkaar te brengen zonder een hele dag te hoeven reizen.<\/p>\r\n\r\n      <p>Als je ook een <a href=\"\/nl\/sommerhus-sverige-naer-koebenhavn\/\">Groot vakantiehuis in Zweden bij Kopenhagen<\/a>, krijg je een oplossing die rust, natuur en ruimte combineert.<\/p>\r\n\r\n      <a class=\"btn btn-primary\" href=\"\/nl\/vakantiehuis-zuid-zweden-boeken\/\">Boek uw verblijf<\/a>\r\n    <\/section>\r\n\r\n    <section class=\"image-block\">\r\n      <img decoding=\"async\" src=\"https:\/\/boafalllodge.com\/wp-content\/uploads\/2026\/03\/Ved-sommerhus-sydsveringe-300x200.png\" alt=\"Familievakantie in een groot vakantiehuis voor 20 personen in Zweden\" title=\"\">\r\n      <p class=\"image-caption\">Veel ruimte voor gezamenlijke ervaringen en ontspanning voor de hele groep.<\/p>\r\n    <\/section>\r\n\r\n    <section>\r\n      <h2 class=\"section-title\">Perfect voor grote gezinnen en groepen<\/h2>\r\n      <div class=\"grid3\">\r\n        <div class=\"card\">\r\n          <h3>Ruimte voor iedereen<\/h3>\r\n          <p>En <strong>vakantiehuis voor 20 personen<\/strong> kun je iedereen samenbrengen op \u00e9\u00e9n plek zonder afbreuk te doen aan comfort en ruimte.<\/p>\r\n        <\/div>\r\n        <div class=\"card\">\r\n          <h3>Ideaal voor familiere\u00fcnies<\/h3>\r\n          <p>Perfect voor familievakanties, verjaardagen en verblijven waar meerdere generaties samen tijd willen doorbrengen in een rustige omgeving.<\/p>\r\n        <\/div>\r\n        <div class=\"card\">\r\n          <h3>Gemakkelijk te bereiken<\/h3>\r\n          <p>Op slechts 2,5 uur rijden van Kopenhagen, dus ideaal voor zowel een kort als lang verblijf.<\/p>\r\n        <\/div>\r\n      <\/div>\r\n    <\/section>\r\n\r\n    <section>\r\n      <h2 class=\"section-title\">Vakantiehuizen in Zweden dichtbij Kopenhagen<\/h2>\r\n\r\n      <p>De locatie in het zuiden van Zweden maakt het gemakkelijk om op vakantie te gaan zonder lange reistijden. Veel mensen kiezen de locatie voor een <a href=\"\/nl\/weekendophold-sverige-fra-koebenhavn\/\">Weekendje weg in Zweden vanuit Kopenhagen<\/a>, waar rust en natuur centraal staan.<\/p>\r\n\r\n      <p>Hier kun je even uit het dagelijkse leven stappen en samen tijd doorbrengen, genieten van de natuur en herinneringen cre\u00ebren in een ontspannen omgeving.<\/p>\r\n    <\/section>\r\n\r\n    <section>\r\n      <h2 class=\"section-title\">Natuur, meren en rust in Zuid-Zweden<\/h2>\r\n\r\n      <p>Boafall Lodge ligt in een schilderachtige omgeving aan het meer. Een van de <strong>vakantiehuis aan het meer in Zweden<\/strong> zorgt voor een speciale rust die je verblijf meer ontspannen en aanwezig maakt.<\/p>\r\n\r\n      <p>Het is ideaal voor groepen die op zoek zijn naar een vakantie waarin natuur, samenzijn en quality time centraal staan.<\/p>\r\n\r\n      <p>Als je een <a href=\"\/nl\/familievakantie-in-zuid-zweden\/\">Familievakantie in Zuid-Zweden<\/a>, dit is een voor de hand liggende keuze.<\/p>\r\n    <\/section>\r\n\r\n    <section>\r\n      <h2 class=\"section-title\">Een flexibele keuze voor vele soorten verblijven<\/h2>\r\n\r\n      <p>Een groot vakantiehuis in Zweden biedt flexibiliteit voor zowel korte als lange verblijven. Of je nu een weekendje weg, een vakantie of een speciaal evenement plant, er is ruimte om je verblijf aan te passen aan je behoeften.<\/p>\r\n\r\n      <p><a class=\"btn btn-primary\" href=\"\/nl\/vakantiehuis-zuid-zweden-boeken\/\">Controleer nu de beschikbaarheid<\/a><\/p>\r\n    <\/section>\r\n\r\n    <section class=\"faq\">\r\n      <h2 class=\"section-title\">Veelgestelde vragen<\/h2>\r\n\r\n      <details>\r\n        <summary>Hoeveel mensen kun je herbergen?<\/summary>\r\n        <p>Het vakantiehuis is geschikt voor maximaal 20 personen en is ideaal voor grote families en groepen.<\/p>\r\n      <\/details>\r\n\r\n      <details>\r\n        <summary>Is het dicht bij Kopenhagen?<\/summary>\r\n        <p>Ja, het is ongeveer 2,5 uur rijden van Kopenhagen, dus je kunt er gemakkelijk komen.<\/p>\r\n      <\/details>\r\n\r\n      <details>\r\n        <summary>Is het huis geschikt voor gezinnen?<\/summary>\r\n        <p>Ja, het is ideaal voor gezinnen en verblijven van meerdere generaties.<\/p>\r\n      <\/details>\r\n\r\n      <details>\r\n        <summary>Kun je het gebruiken voor een weekendje weg?<\/summary>\r\n        <p>Ja, veel mensen kiezen deze plek voor een weekendje weg in Zweden vanuit Kopenhagen.<\/p>\r\n      <\/details>\r\n    <\/section>\r\n\r\n    <section id=\"kontakt\">\r\n      <div class=\"cta-block\">\r\n        <h2>Wil je de hele groep op \u00e9\u00e9n plek verzamelen?<\/h2>\r\n        <p>Vertel ons met hoeveel je bent en wanneer je wilt gaan. Wij helpen je de beste oplossing te vinden voor je verblijf in Zuid-Zweden.<\/p>\r\n        \n<div class=\"wpcf7 no-js\" id=\"wpcf7-f9-o1\" lang=\"en-US\" dir=\"ltr\" data-wpcf7-id=\"9\">\n<div class=\"screen-reader-response\"><p role=\"status\" aria-live=\"polite\" aria-atomic=\"true\"><\/p> <ul><\/ul><\/div>\n<form action=\"\/nl\/wp-json\/wp\/v2\/pages\/2442#wpcf7-f9-o1\" method=\"post\" class=\"wpcf7-form init\" aria-label=\"Contact form\" novalidate=\"novalidate\" data-status=\"init\" data-trp-original-action=\"\/nl\/wp-json\/wp\/v2\/pages\/2442#wpcf7-f9-o1\">\n<fieldset class=\"hidden-fields-container\"><input type=\"hidden\" name=\"_wpcf7\" value=\"9\" \/><input type=\"hidden\" name=\"_wpcf7_version\" value=\"6.1.5\" \/><input type=\"hidden\" name=\"_wpcf7_locale\" value=\"en_US\" \/><input type=\"hidden\" name=\"_wpcf7_unit_tag\" value=\"wpcf7-f9-o1\" \/><input type=\"hidden\" name=\"_wpcf7_container_post\" value=\"0\" \/><input type=\"hidden\" name=\"_wpcf7_posted_data_hash\" value=\"\" \/><input type=\"hidden\" name=\"_wpcf7_recaptcha_response\" value=\"\" \/>\n<\/fieldset>\n<div class=\"column one-second\">\n\t<p><span class=\"wpcf7-form-control-wrap\" data-name=\"your-name\"><input size=\"40\" maxlength=\"400\" class=\"wpcf7-form-control wpcf7-text wpcf7-validates-as-required\" aria-required=\"true\" aria-invalid=\"false\" placeholder=\"Naam\" value=\"\" type=\"text\" name=\"your-name\" \/><\/span>\n\t<\/p>\n<\/div>\n<div class=\"column one-second\">\n\t<p><span class=\"wpcf7-form-control-wrap\" data-name=\"your-email\"><input size=\"40\" maxlength=\"400\" class=\"wpcf7-form-control wpcf7-email wpcf7-validates-as-required wpcf7-text wpcf7-validates-as-email\" aria-required=\"true\" aria-invalid=\"false\" placeholder=\"e-mail\" value=\"\" type=\"email\" name=\"your-email\" \/><\/span>\n\t<\/p>\n<\/div>\n<div class=\"column one\">\n\t<p><span class=\"wpcf7-form-control-wrap\" data-name=\"your-subject\"><input size=\"40\" maxlength=\"400\" class=\"wpcf7-form-control wpcf7-text\" aria-invalid=\"false\" placeholder=\"Onderwerp\" value=\"\" type=\"text\" name=\"your-subject\" \/><\/span>\n\t<\/p>\n<\/div>\n<div class=\"column one\">\n\t<p><span class=\"wpcf7-form-control-wrap\" data-name=\"your-message\"><textarea cols=\"40\" rows=\"5\" maxlength=\"2000\" class=\"wpcf7-form-control wpcf7-textarea\" aria-invalid=\"false\" placeholder=\"Bericht\" name=\"your-message\"><\/textarea><\/span>\n\t<\/p>\n<\/div>\n<div class=\"column one\">\n\t<p><input class=\"wpcf7-form-control wpcf7-submit has-spinner button_full_width\" type=\"submit\" value=\"Verstuur\" \/>\n\t<\/p>\n<\/div><p style=\"display: none !important;\" class=\"akismet-fields-container\" data-prefix=\"_wpcf7_ak_\"><label>\u0394<textarea name=\"_wpcf7_ak_hp_textarea\" cols=\"45\" rows=\"8\" maxlength=\"100\"><\/textarea><\/label><input type=\"hidden\" id=\"ak_js_1\" name=\"_wpcf7_ak_js\" value=\"243\"\/><script>document.getElementById( \"ak_js_1\" ).setAttribute( \"value\", ( new Date() ).getTime() );<\/script><\/p><div class=\"wpcf7-response-output\" aria-hidden=\"true\"><\/div>\n<input type=\"hidden\" name=\"trp-form-language\" value=\"nl\"\/><\/form>\n<\/div>\n\r\n      <\/div>\r\n    <\/section>\r\n\r\n  <\/div>\r\n<\/div>\r\n\r\n\r\n\r\n<p><\/p>","protected":false},"excerpt":{"rendered":"<p>Sommerhus til 20 personer i Sverige n\u00e6r K\u00f8benhavn Lej et stort sommerhus i Sydsverige med plads til hele familien eller gruppen. Perfekt til 20 personer, t\u00e6t<span class=\"excerpt-hellip\"> [\u2026]<\/span><\/p>\n","protected":false},"author":11,"featured_media":-1,"parent":0,"menu_order":0,"comment_status":"closed","ping_status":"closed","template":"","meta":{"footnotes":""},"class_list":["post-2442","page","type-page","status-publish","has-post-thumbnail","hentry"],"_links":{"self":[{"href":"https:\/\/boafalllodge.com\/nl\/wp-json\/wp\/v2\/pages\/2442","targetHints":{"allow":["GET"]}}],"collection":[{"href":"https:\/\/boafalllodge.com\/nl\/wp-json\/wp\/v2\/pages"}],"about":[{"href":"https:\/\/boafalllodge.com\/nl\/wp-json\/wp\/v2\/types\/page"}],"author":[{"embeddable":true,"href":"https:\/\/boafalllodge.com\/nl\/wp-json\/wp\/v2\/users\/11"}],"replies":[{"embeddable":true,"href":"https:\/\/boafalllodge.com\/nl\/wp-json\/wp\/v2\/comments?post=2442"}],"version-history":[{"count":1,"href":"https:\/\/boafalllodge.com\/nl\/wp-json\/wp\/v2\/pages\/2442\/revisions"}],"predecessor-version":[{"id":2604,"href":"https:\/\/boafalllodge.com\/nl\/wp-json\/wp\/v2\/pages\/2442\/revisions\/2604"}],"wp:featuredmedia":[{"embeddable":true,"href":"https:\/\/boafalllodge.com\/nl\/wp-json\/"}],"wp:attachment":[{"href":"https:\/\/boafalllodge.com\/nl\/wp-json\/wp\/v2\/media?parent=2442"}],"curies":[{"name":"wp","href":"https:\/\/api.w.org\/{rel}","templated":true}]}}